{"id":22956,"date":"2026-04-01T13:06:00","date_gmt":"2026-04-01T16:06:00","guid":{"rendered":"https:\/\/eurogalvano.com.br\/?post_type=product&#038;p=22956"},"modified":"2026-04-01T13:06:02","modified_gmt":"2026-04-01T16:06:02","slug":"serpentinas","status":"publish","type":"product","link":"https:\/\/eurogalvano.com.br\/es\/producto\/serpentinas\/","title":{"rendered":"Serpentinas"},"content":{"rendered":"","protected":false},"excerpt":{"rendered":"","protected":false},"featured_media":22957,"comment_status":"open","ping_status":"closed","template":"","meta":{"_acf_changed":false},"product_brand":[],"product_cat":[52],"product_tag":[],"class_list":{"0":"post-22956","1":"product","2":"type-product","3":"status-publish","4":"has-post-thumbnail","6":"product_cat-destaques","8":"first","9":"instock","10":"shipping-taxable","11":"product-type-simple"},"acf":[],"yoast_head":"<!-- This site is optimized with the Yoast SEO Premium plugin v23.5 (Yoast SEO v27.5) - https:\/\/yoast.com\/product\/yoast-seo-premium-wordpress\/ -->\n<title>Serpentinas - Eurogalvano<\/title>\n<meta name=\"robots\" content=\"index, follow, max-snippet:-1, max-image-preview:large, max-video-preview:-1\" \/>\n<link rel=\"canonical\" href=\"https:\/\/eurogalvano.com.br\/es\/producto\/serpentinas\/\" \/>\n<meta property=\"og:locale\" content=\"es_ES\" \/>\n<meta property=\"og:type\" content=\"article\" \/>\n<meta property=\"og:title\" content=\"Serpentinas\" \/>\n<meta property=\"og:url\" content=\"https:\/\/eurogalvano.com.br\/es\/producto\/serpentinas\/\" \/>\n<meta property=\"og:site_name\" content=\"Eurogalvano\" \/>\n<meta property=\"article:modified_time\" content=\"2026-04-01T16:06:02+00:00\" \/>\n<meta property=\"og:image\" content=\"https:\/\/eurogalvano.com.br\/wp-content\/uploads\/2026\/04\/14092016102554.jpg\" \/>\n\t<meta property=\"og:image:width\" content=\"600\" \/>\n\t<meta property=\"og:image:height\" content=\"586\" \/>\n\t<meta property=\"og:image:type\" content=\"image\/jpeg\" \/>\n<meta name=\"twitter:card\" content=\"summary_large_image\" \/>\n<meta name=\"twitter:label1\" content=\"Tiempo de lectura\" \/>\n\t<meta name=\"twitter:data1\" content=\"1 minuto\" \/>\n<script type=\"application\/ld+json\" class=\"yoast-schema-graph\">{\"@context\":\"https:\\\/\\\/schema.org\",\"@graph\":[{\"@type\":\"WebPage\",\"@id\":\"https:\\\/\\\/eurogalvano.com.br\\\/produto\\\/serpentinas\\\/\",\"url\":\"https:\\\/\\\/eurogalvano.com.br\\\/produto\\\/serpentinas\\\/\",\"name\":\"Serpentinas - Eurogalvano\",\"isPartOf\":{\"@id\":\"https:\\\/\\\/eurogalvano.com.br\\\/#website\"},\"primaryImageOfPage\":{\"@id\":\"https:\\\/\\\/eurogalvano.com.br\\\/produto\\\/serpentinas\\\/#primaryimage\"},\"image\":{\"@id\":\"https:\\\/\\\/eurogalvano.com.br\\\/produto\\\/serpentinas\\\/#primaryimage\"},\"thumbnailUrl\":\"https:\\\/\\\/eurogalvano.com.br\\\/wp-content\\\/uploads\\\/2026\\\/04\\\/14092016102554.jpg\",\"datePublished\":\"2026-04-01T16:06:00+00:00\",\"dateModified\":\"2026-04-01T16:06:02+00:00\",\"breadcrumb\":{\"@id\":\"https:\\\/\\\/eurogalvano.com.br\\\/produto\\\/serpentinas\\\/#breadcrumb\"},\"inLanguage\":\"es\",\"potentialAction\":[{\"@type\":\"ReadAction\",\"target\":[\"https:\\\/\\\/eurogalvano.com.br\\\/produto\\\/serpentinas\\\/\"]}]},{\"@type\":\"ImageObject\",\"inLanguage\":\"es\",\"@id\":\"https:\\\/\\\/eurogalvano.com.br\\\/produto\\\/serpentinas\\\/#primaryimage\",\"url\":\"https:\\\/\\\/eurogalvano.com.br\\\/wp-content\\\/uploads\\\/2026\\\/04\\\/14092016102554.jpg\",\"contentUrl\":\"https:\\\/\\\/eurogalvano.com.br\\\/wp-content\\\/uploads\\\/2026\\\/04\\\/14092016102554.jpg\",\"width\":600,\"height\":586},{\"@type\":\"BreadcrumbList\",\"@id\":\"https:\\\/\\\/eurogalvano.com.br\\\/produto\\\/serpentinas\\\/#breadcrumb\",\"itemListElement\":[{\"@type\":\"ListItem\",\"position\":1,\"name\":\"In\u00edcio\",\"item\":\"https:\\\/\\\/eurogalvano.com.br\\\/\"},{\"@type\":\"ListItem\",\"position\":2,\"name\":\"Produtos\",\"item\":\"https:\\\/\\\/eurogalvano.com.br\\\/produtos\\\/\"},{\"@type\":\"ListItem\",\"position\":3,\"name\":\"Serpentinas\"}]},{\"@type\":\"WebSite\",\"@id\":\"https:\\\/\\\/eurogalvano.com.br\\\/#website\",\"url\":\"https:\\\/\\\/eurogalvano.com.br\\\/\",\"name\":\"Eurogalvano\",\"description\":\"Tecnologia europeia para linhas de galvanoplastia com m\u00e1xima efici\u00eancia e durabilidade.\",\"publisher\":{\"@id\":\"https:\\\/\\\/eurogalvano.com.br\\\/#organization\"},\"potentialAction\":[{\"@type\":\"SearchAction\",\"target\":{\"@type\":\"EntryPoint\",\"urlTemplate\":\"https:\\\/\\\/eurogalvano.com.br\\\/?s={search_term_string}\"},\"query-input\":{\"@type\":\"PropertyValueSpecification\",\"valueRequired\":true,\"valueName\":\"search_term_string\"}}],\"inLanguage\":\"es\"},{\"@type\":\"Organization\",\"@id\":\"https:\\\/\\\/eurogalvano.com.br\\\/#organization\",\"name\":\"Eurogalvano\",\"url\":\"https:\\\/\\\/eurogalvano.com.br\\\/\",\"logo\":{\"@type\":\"ImageObject\",\"inLanguage\":\"es\",\"@id\":\"https:\\\/\\\/eurogalvano.com.br\\\/#\\\/schema\\\/logo\\\/image\\\/\",\"url\":\"https:\\\/\\\/eurogalvano.com.br\\\/wp-content\\\/uploads\\\/2023\\\/01\\\/Logo_eurogalvano__289_29_1-1.png\",\"contentUrl\":\"https:\\\/\\\/eurogalvano.com.br\\\/wp-content\\\/uploads\\\/2023\\\/01\\\/Logo_eurogalvano__289_29_1-1.png\",\"width\":140,\"height\":149,\"caption\":\"Eurogalvano\"},\"image\":{\"@id\":\"https:\\\/\\\/eurogalvano.com.br\\\/#\\\/schema\\\/logo\\\/image\\\/\"}}]}<\/script>\n<!-- \/ Yoast SEO Premium plugin. -->","yoast_head_json":{"title":"Serpentinas - Eurogalvano","robots":{"index":"index","follow":"follow","max-snippet":"max-snippet:-1","max-image-preview":"max-image-preview:large","max-video-preview":"max-video-preview:-1"},"canonical":"https:\/\/eurogalvano.com.br\/es\/producto\/serpentinas\/","og_locale":"es_ES","og_type":"article","og_title":"Serpentinas","og_url":"https:\/\/eurogalvano.com.br\/es\/producto\/serpentinas\/","og_site_name":"Eurogalvano","article_modified_time":"2026-04-01T16:06:02+00:00","og_image":[{"width":600,"height":586,"url":"https:\/\/eurogalvano.com.br\/wp-content\/uploads\/2026\/04\/14092016102554.jpg","type":"image\/jpeg"}],"twitter_card":"summary_large_image","twitter_misc":{"Tiempo de lectura":"1 minuto"},"schema":{"@context":"https:\/\/schema.org","@graph":[{"@type":"WebPage","@id":"https:\/\/eurogalvano.com.br\/produto\/serpentinas\/","url":"https:\/\/eurogalvano.com.br\/produto\/serpentinas\/","name":"Serpentinas - Eurogalvano","isPartOf":{"@id":"https:\/\/eurogalvano.com.br\/#website"},"primaryImageOfPage":{"@id":"https:\/\/eurogalvano.com.br\/produto\/serpentinas\/#primaryimage"},"image":{"@id":"https:\/\/eurogalvano.com.br\/produto\/serpentinas\/#primaryimage"},"thumbnailUrl":"https:\/\/eurogalvano.com.br\/wp-content\/uploads\/2026\/04\/14092016102554.jpg","datePublished":"2026-04-01T16:06:00+00:00","dateModified":"2026-04-01T16:06:02+00:00","breadcrumb":{"@id":"https:\/\/eurogalvano.com.br\/produto\/serpentinas\/#breadcrumb"},"inLanguage":"es","potentialAction":[{"@type":"ReadAction","target":["https:\/\/eurogalvano.com.br\/produto\/serpentinas\/"]}]},{"@type":"ImageObject","inLanguage":"es","@id":"https:\/\/eurogalvano.com.br\/produto\/serpentinas\/#primaryimage","url":"https:\/\/eurogalvano.com.br\/wp-content\/uploads\/2026\/04\/14092016102554.jpg","contentUrl":"https:\/\/eurogalvano.com.br\/wp-content\/uploads\/2026\/04\/14092016102554.jpg","width":600,"height":586},{"@type":"BreadcrumbList","@id":"https:\/\/eurogalvano.com.br\/produto\/serpentinas\/#breadcrumb","itemListElement":[{"@type":"ListItem","position":1,"name":"In\u00edcio","item":"https:\/\/eurogalvano.com.br\/"},{"@type":"ListItem","position":2,"name":"Produtos","item":"https:\/\/eurogalvano.com.br\/produtos\/"},{"@type":"ListItem","position":3,"name":"Serpentinas"}]},{"@type":"WebSite","@id":"https:\/\/eurogalvano.com.br\/#website","url":"https:\/\/eurogalvano.com.br\/","name":"Eurogalvano","description":"Tecnolog\u00eda europea para l\u00edneas de galvanoplastia con m\u00e1xima eficiencia y durabilidad.","publisher":{"@id":"https:\/\/eurogalvano.com.br\/#organization"},"potentialAction":[{"@type":"SearchAction","target":{"@type":"EntryPoint","urlTemplate":"https:\/\/eurogalvano.com.br\/?s={search_term_string}"},"query-input":{"@type":"PropertyValueSpecification","valueRequired":true,"valueName":"search_term_string"}}],"inLanguage":"es"},{"@type":"Organization","@id":"https:\/\/eurogalvano.com.br\/#organization","name":"Eurogalvano","url":"https:\/\/eurogalvano.com.br\/","logo":{"@type":"ImageObject","inLanguage":"es","@id":"https:\/\/eurogalvano.com.br\/#\/schema\/logo\/image\/","url":"https:\/\/eurogalvano.com.br\/wp-content\/uploads\/2023\/01\/Logo_eurogalvano__289_29_1-1.png","contentUrl":"https:\/\/eurogalvano.com.br\/wp-content\/uploads\/2023\/01\/Logo_eurogalvano__289_29_1-1.png","width":140,"height":149,"caption":"Eurogalvano"},"image":{"@id":"https:\/\/eurogalvano.com.br\/#\/schema\/logo\/image\/"}}]}},"_links":{"self":[{"href":"https:\/\/eurogalvano.com.br\/es\/wp-json\/wp\/v2\/product\/22956","targetHints":{"allow":["GET"]}}],"collection":[{"href":"https:\/\/eurogalvano.com.br\/es\/wp-json\/wp\/v2\/product"}],"about":[{"href":"https:\/\/eurogalvano.com.br\/es\/wp-json\/wp\/v2\/types\/product"}],"replies":[{"embeddable":true,"href":"https:\/\/eurogalvano.com.br\/es\/wp-json\/wp\/v2\/comments?post=22956"}],"wp:featuredmedia":[{"embeddable":true,"href":"https:\/\/eurogalvano.com.br\/es\/wp-json\/wp\/v2\/media\/22957"}],"wp:attachment":[{"href":"https:\/\/eurogalvano.com.br\/es\/wp-json\/wp\/v2\/media?parent=22956"}],"wp:term":[{"taxonomy":"product_brand","embeddable":true,"href":"https:\/\/eurogalvano.com.br\/es\/wp-json\/wp\/v2\/product_brand?post=22956"},{"taxonomy":"product_cat","embeddable":true,"href":"https:\/\/eurogalvano.com.br\/es\/wp-json\/wp\/v2\/product_cat?post=22956"},{"taxonomy":"product_tag","embeddable":true,"href":"https:\/\/eurogalvano.com.br\/es\/wp-json\/wp\/v2\/product_tag?post=22956"}],"curies":[{"name":"wp","href":"https:\/\/api.w.org\/{rel}","templated":true}]}}