{"id":16300,"date":"2024-03-08T15:58:17","date_gmt":"2024-03-08T18:58:17","guid":{"rendered":"https:\/\/www.inicialcomponentes.tempurl.host\/?page_id=16300"},"modified":"2026-04-14T05:58:05","modified_gmt":"2026-04-14T08:58:05","slug":"politica-de-cookies","status":"publish","type":"page","link":"https:\/\/eurogalvano.com.br\/es\/politica-de-cookies\/","title":{"rendered":"Pol\u00edtica de cookies"},"content":{"rendered":"<div data-elementor-type=\"wp-page\" data-elementor-id=\"16300\" class=\"elementor elementor-16300\" data-elementor-post-type=\"page\">\n\t\t\t\t<div class=\"elementor-element elementor-element-7b5145e4 e-flex e-con-boxed e-con e-parent\" data-id=\"7b5145e4\" data-element_type=\"container\" data-e-type=\"container\" data-settings=\"{&quot;background_background&quot;:&quot;classic&quot;}\">\n\t\t\t\t\t<div class=\"e-con-inner\">\n\t\t\t\t<div class=\"elementor-element elementor-element-8d05214 elementor-widget elementor-widget-heading\" data-id=\"8d05214\" data-element_type=\"widget\" data-e-type=\"widget\" data-widget_type=\"heading.default\">\n\t\t\t\t<div class=\"elementor-widget-container\">\n\t\t\t\t\t<h1 class=\"elementor-heading-title elementor-size-default\">Pol\u00edtica de cookies<\/h1>\t\t\t\t<\/div>\n\t\t\t\t<\/div>\n\t\t\t\t\t<\/div>\n\t\t\t\t<\/div>\n\t\t<div class=\"elementor-element elementor-element-abf0772 e-flex e-con-boxed e-con e-parent\" data-id=\"abf0772\" data-element_type=\"container\" data-e-type=\"container\">\n\t\t\t\t\t<div class=\"e-con-inner\">\n\t\t<div class=\"elementor-element elementor-element-b145f47 e-con-full e-flex e-con e-child\" data-id=\"b145f47\" data-element_type=\"container\" data-e-type=\"container\">\n\t\t\t\t<div class=\"elementor-element elementor-element-965dc4a elementor-widget elementor-widget-text-editor\" data-id=\"965dc4a\" data-element_type=\"widget\" data-e-type=\"widget\" data-widget_type=\"text-editor.default\">\n\t\t\t\t<div class=\"elementor-widget-container\">\n\t\t\t\t\t\t\t\t\t<p><strong>Defini\u00e7\u00e3o<\/strong><\/p><p>Cookies s\u00e3o pequenos arquivos em texto que s\u00e3o armazenados no dispositivo do usu\u00e1rio pelo navegador de internet. Eles s\u00e3o amplamente utilizados para que os sites funcionem de forma geral ou com mais efici\u00eancia, bem como para fornecer informa\u00e7\u00f5es aos propriet\u00e1rios do site.<\/p><p><strong>Finalidades<\/strong><\/p><p>A EUROGALVANO do Brasil faz a utiliza\u00e7\u00e3o de cookies para coletar e armazenar informa\u00e7\u00f5es referentes \u00e0s prefer\u00eancias pessoais do usu\u00e1rio ao visitar o site. Essas informa\u00e7\u00f5es consistem em dados relativos \u00e0s prefer\u00eancias de navega\u00e7\u00e3o e \u00e0s p\u00e1ginas visitadas pelo usu\u00e1rio por meio do envio de um ou mais cookies ou identificadores an\u00f4nimos, que realizam a coleta de forma automatizada.<br \/>Informamos que essas informa\u00e7\u00f5es s\u00e3o utilizadas para melhorar e personalizar a experi\u00eancia de navega\u00e7\u00e3o no site de forma a alinhar a apresenta\u00e7\u00e3o do nosso site aos interesses pessoais do usu\u00e1rio. Ao realizar esse tipo de tratamento dos dados coletados, a EUROGALVANO do Brasil garante observar os princ\u00edpios de prote\u00e7\u00e3o de dados aplic\u00e1veis, de modo que n\u00e3o ser\u00e1 permitida a utiliza\u00e7\u00e3o das informa\u00e7\u00f5es coletadas para finalidade diferente da informada nesta Pol\u00edtica.<\/p><p><strong>Tipos de Cookies utilizados<\/strong><\/p><ul><li><strong>Cookies\u202fEstritamente Necess\u00e1rios:\u00a0<\/strong>Estes cookies permitem a navega\u00e7\u00e3o e utiliza\u00e7\u00e3o das aplica\u00e7\u00f5es, bem como acesso a \u00e1reas seguras do\u202fsite. Sem os cookies estritamente necess\u00e1rios, o site n\u00e3o funciona corretamente.<\/li><li><strong>Cookies\u202fde Funcionalidade:\u00a0<\/strong>Estes cookies s\u00e3o utilizados para assegurar a disponibiliza\u00e7\u00e3o de funcionalidades adicionais do\u202fsite\u202fou para guardar as prefer\u00eancias definidas pelo usu\u00e1rio ao navegar na internet, sempre que utilizar o mesmo dispositivo.<\/li><\/ul><p><strong>Como gerenciar os Cookies<\/strong><\/p><p>Os navegadores de internet, em geral, est\u00e3o configurados para aceitar automaticamente os cookies, mas o usu\u00e1rio pode alterar as configura\u00e7\u00f5es para bloque\u00e1-los. Informamos que pode ser necess\u00e1rio atualizar a p\u00e1gina do site para que as configura\u00e7\u00f5es novas tenham efeito.<br \/>Ressaltamos que eventuais altera\u00e7\u00f5es poder\u00e3o influenciar a intera\u00e7\u00e3o com o nosso site, incluindo a possibilidade de gerar erros em algumas de suas funcionalidades.<\/p><p><strong>Atualiza\u00e7\u00e3o desta Pol\u00edtica<\/strong><\/p><p>Esta Pol\u00edtica poder\u00e1 ser alterada a qualquer tempo, conforme ado\u00e7\u00e3o de novas tecnologias pela EUROGALVANO do Brasil, bem como para permanecer atualizada com as finalidades para as quais utilizamos cookies e as melhores pr\u00e1ticas de prote\u00e7\u00e3o de dados. Assim, recomendamos que o usu\u00e1rio acesse nosso site de tempos em tempos para manter-se atualizado sobre a forma como utilizamos cookies.<\/p>\t\t\t\t\t\t\t\t<\/div>\n\t\t\t\t<\/div>\n\t\t\t\t<\/div>\n\t\t\t\t\t<\/div>\n\t\t\t\t<\/div>\n\t\t\t\t<\/div>","protected":false},"excerpt":{"rendered":"<p>Pol\u00edtica de Cookies Defini\u00e7\u00e3o Cookies s\u00e3o pequenos arquivos em texto que s\u00e3o armazenados no dispositivo do usu\u00e1rio pelo navegador de internet. Eles s\u00e3o amplamente utilizados para que os sites funcionem de forma geral ou com mais efici\u00eancia, bem como para fornecer informa\u00e7\u00f5es aos propriet\u00e1rios do site. Finalidades A EUROGALVANO do Brasil faz a utiliza\u00e7\u00e3o de [&hellip;]<\/p>\n","protected":false},"author":1,"featured_media":0,"parent":0,"menu_order":0,"comment_status":"closed","ping_status":"closed","template":"elementor_header_footer","meta":{"_acf_changed":false,"footnotes":""},"class_list":["post-16300","page","type-page","status-publish","hentry"],"acf":[],"yoast_head":"<!-- This site is optimized with the Yoast SEO Premium plugin v23.5 (Yoast SEO v27.5) - https:\/\/yoast.com\/product\/yoast-seo-premium-wordpress\/ -->\n<title>Eurogalvano do Brasil | Pol\u00edtica de Cookies<\/title>\n<meta name=\"description\" content=\"Cookies s\u00e3o pequenos arquivos em texto que s\u00e3o armazenados no dispositivo do usu\u00e1rio pelo navegador de internet.\" \/>\n<meta name=\"robots\" content=\"index, follow, max-snippet:-1, max-image-preview:large, max-video-preview:-1\" \/>\n<link rel=\"canonical\" href=\"https:\/\/eurogalvano.com.br\/es\/politica-de-cookies\/\" \/>\n<meta property=\"og:locale\" content=\"es_ES\" \/>\n<meta property=\"og:type\" content=\"article\" \/>\n<meta property=\"og:title\" content=\"Pol\u00edtica de Cookies\" \/>\n<meta property=\"og:description\" content=\"Cookies s\u00e3o pequenos arquivos em texto que s\u00e3o armazenados no dispositivo do usu\u00e1rio pelo navegador de internet.\" \/>\n<meta property=\"og:url\" content=\"https:\/\/eurogalvano.com.br\/es\/politica-de-cookies\/\" \/>\n<meta property=\"og:site_name\" content=\"Eurogalvano\" \/>\n<meta property=\"article:modified_time\" content=\"2026-04-14T08:58:05+00:00\" \/>\n<meta name=\"twitter:card\" content=\"summary_large_image\" \/>\n<meta name=\"twitter:label1\" content=\"Tiempo de lectura\" \/>\n\t<meta name=\"twitter:data1\" content=\"3 minutos\" \/>\n<script type=\"application\/ld+json\" class=\"yoast-schema-graph\">{\"@context\":\"https:\\\/\\\/schema.org\",\"@graph\":[{\"@type\":\"WebPage\",\"@id\":\"https:\\\/\\\/eurogalvano.com.br\\\/politica-de-cookies\\\/\",\"url\":\"https:\\\/\\\/eurogalvano.com.br\\\/politica-de-cookies\\\/\",\"name\":\"Eurogalvano do Brasil | Pol\u00edtica de Cookies\",\"isPartOf\":{\"@id\":\"https:\\\/\\\/eurogalvano.com.br\\\/#website\"},\"datePublished\":\"2024-03-08T18:58:17+00:00\",\"dateModified\":\"2026-04-14T08:58:05+00:00\",\"description\":\"Cookies s\u00e3o pequenos arquivos em texto que s\u00e3o armazenados no dispositivo do usu\u00e1rio pelo navegador de internet.\",\"breadcrumb\":{\"@id\":\"https:\\\/\\\/eurogalvano.com.br\\\/politica-de-cookies\\\/#breadcrumb\"},\"inLanguage\":\"es\",\"potentialAction\":[{\"@type\":\"ReadAction\",\"target\":[\"https:\\\/\\\/eurogalvano.com.br\\\/politica-de-cookies\\\/\"]}]},{\"@type\":\"BreadcrumbList\",\"@id\":\"https:\\\/\\\/eurogalvano.com.br\\\/politica-de-cookies\\\/#breadcrumb\",\"itemListElement\":[{\"@type\":\"ListItem\",\"position\":1,\"name\":\"In\u00edcio\",\"item\":\"https:\\\/\\\/eurogalvano.com.br\\\/\"},{\"@type\":\"ListItem\",\"position\":2,\"name\":\"Pol\u00edtica de Cookies\"}]},{\"@type\":\"WebSite\",\"@id\":\"https:\\\/\\\/eurogalvano.com.br\\\/#website\",\"url\":\"https:\\\/\\\/eurogalvano.com.br\\\/\",\"name\":\"Eurogalvano\",\"description\":\"Tecnologia europeia para linhas de galvanoplastia com m\u00e1xima efici\u00eancia e durabilidade.\",\"publisher\":{\"@id\":\"https:\\\/\\\/eurogalvano.com.br\\\/#organization\"},\"potentialAction\":[{\"@type\":\"SearchAction\",\"target\":{\"@type\":\"EntryPoint\",\"urlTemplate\":\"https:\\\/\\\/eurogalvano.com.br\\\/?s={search_term_string}\"},\"query-input\":{\"@type\":\"PropertyValueSpecification\",\"valueRequired\":true,\"valueName\":\"search_term_string\"}}],\"inLanguage\":\"es\"},{\"@type\":\"Organization\",\"@id\":\"https:\\\/\\\/eurogalvano.com.br\\\/#organization\",\"name\":\"Eurogalvano\",\"url\":\"https:\\\/\\\/eurogalvano.com.br\\\/\",\"logo\":{\"@type\":\"ImageObject\",\"inLanguage\":\"es\",\"@id\":\"https:\\\/\\\/eurogalvano.com.br\\\/#\\\/schema\\\/logo\\\/image\\\/\",\"url\":\"https:\\\/\\\/eurogalvano.com.br\\\/wp-content\\\/uploads\\\/2023\\\/01\\\/Logo_eurogalvano__289_29_1-1.png\",\"contentUrl\":\"https:\\\/\\\/eurogalvano.com.br\\\/wp-content\\\/uploads\\\/2023\\\/01\\\/Logo_eurogalvano__289_29_1-1.png\",\"width\":140,\"height\":149,\"caption\":\"Eurogalvano\"},\"image\":{\"@id\":\"https:\\\/\\\/eurogalvano.com.br\\\/#\\\/schema\\\/logo\\\/image\\\/\"}}]}<\/script>\n<!-- \/ Yoast SEO Premium plugin. -->","yoast_head_json":{"title":"Eurogalvano do Brasil | Pol\u00edtica de Cookies","description":"Cookies s\u00e3o pequenos arquivos em texto que s\u00e3o armazenados no dispositivo do usu\u00e1rio pelo navegador de internet.","robots":{"index":"index","follow":"follow","max-snippet":"max-snippet:-1","max-image-preview":"max-image-preview:large","max-video-preview":"max-video-preview:-1"},"canonical":"https:\/\/eurogalvano.com.br\/es\/politica-de-cookies\/","og_locale":"es_ES","og_type":"article","og_title":"Pol\u00edtica de Cookies","og_description":"Cookies s\u00e3o pequenos arquivos em texto que s\u00e3o armazenados no dispositivo do usu\u00e1rio pelo navegador de internet.","og_url":"https:\/\/eurogalvano.com.br\/es\/politica-de-cookies\/","og_site_name":"Eurogalvano","article_modified_time":"2026-04-14T08:58:05+00:00","twitter_card":"summary_large_image","twitter_misc":{"Tiempo de lectura":"3 minutos"},"schema":{"@context":"https:\/\/schema.org","@graph":[{"@type":"WebPage","@id":"https:\/\/eurogalvano.com.br\/politica-de-cookies\/","url":"https:\/\/eurogalvano.com.br\/politica-de-cookies\/","name":"Eurogalvano do Brasil | Pol\u00edtica de Cookies","isPartOf":{"@id":"https:\/\/eurogalvano.com.br\/#website"},"datePublished":"2024-03-08T18:58:17+00:00","dateModified":"2026-04-14T08:58:05+00:00","description":"Cookies s\u00e3o pequenos arquivos em texto que s\u00e3o armazenados no dispositivo do usu\u00e1rio pelo navegador de internet.","breadcrumb":{"@id":"https:\/\/eurogalvano.com.br\/politica-de-cookies\/#breadcrumb"},"inLanguage":"es","potentialAction":[{"@type":"ReadAction","target":["https:\/\/eurogalvano.com.br\/politica-de-cookies\/"]}]},{"@type":"BreadcrumbList","@id":"https:\/\/eurogalvano.com.br\/politica-de-cookies\/#breadcrumb","itemListElement":[{"@type":"ListItem","position":1,"name":"In\u00edcio","item":"https:\/\/eurogalvano.com.br\/"},{"@type":"ListItem","position":2,"name":"Pol\u00edtica de Cookies"}]},{"@type":"WebSite","@id":"https:\/\/eurogalvano.com.br\/#website","url":"https:\/\/eurogalvano.com.br\/","name":"Eurogalvano","description":"Tecnolog\u00eda europea para l\u00edneas de galvanoplastia con m\u00e1xima eficiencia y durabilidad.","publisher":{"@id":"https:\/\/eurogalvano.com.br\/#organization"},"potentialAction":[{"@type":"SearchAction","target":{"@type":"EntryPoint","urlTemplate":"https:\/\/eurogalvano.com.br\/?s={search_term_string}"},"query-input":{"@type":"PropertyValueSpecification","valueRequired":true,"valueName":"search_term_string"}}],"inLanguage":"es"},{"@type":"Organization","@id":"https:\/\/eurogalvano.com.br\/#organization","name":"Eurogalvano","url":"https:\/\/eurogalvano.com.br\/","logo":{"@type":"ImageObject","inLanguage":"es","@id":"https:\/\/eurogalvano.com.br\/#\/schema\/logo\/image\/","url":"https:\/\/eurogalvano.com.br\/wp-content\/uploads\/2023\/01\/Logo_eurogalvano__289_29_1-1.png","contentUrl":"https:\/\/eurogalvano.com.br\/wp-content\/uploads\/2023\/01\/Logo_eurogalvano__289_29_1-1.png","width":140,"height":149,"caption":"Eurogalvano"},"image":{"@id":"https:\/\/eurogalvano.com.br\/#\/schema\/logo\/image\/"}}]}},"_links":{"self":[{"href":"https:\/\/eurogalvano.com.br\/es\/wp-json\/wp\/v2\/pages\/16300","targetHints":{"allow":["GET"]}}],"collection":[{"href":"https:\/\/eurogalvano.com.br\/es\/wp-json\/wp\/v2\/pages"}],"about":[{"href":"https:\/\/eurogalvano.com.br\/es\/wp-json\/wp\/v2\/types\/page"}],"author":[{"embeddable":true,"href":"https:\/\/eurogalvano.com.br\/es\/wp-json\/wp\/v2\/users\/1"}],"replies":[{"embeddable":true,"href":"https:\/\/eurogalvano.com.br\/es\/wp-json\/wp\/v2\/comments?post=16300"}],"version-history":[{"count":3,"href":"https:\/\/eurogalvano.com.br\/es\/wp-json\/wp\/v2\/pages\/16300\/revisions"}],"predecessor-version":[{"id":23129,"href":"https:\/\/eurogalvano.com.br\/es\/wp-json\/wp\/v2\/pages\/16300\/revisions\/23129"}],"wp:attachment":[{"href":"https:\/\/eurogalvano.com.br\/es\/wp-json\/wp\/v2\/media?parent=16300"}],"curies":[{"name":"wp","href":"https:\/\/api.w.org\/{rel}","templated":true}]}}