{"id":598,"date":"2023-02-21T22:16:11","date_gmt":"2023-02-22T01:16:11","guid":{"rendered":"https:\/\/www.inicialcomponentes.tempurl.host\/cart\/"},"modified":"2026-04-01T09:35:44","modified_gmt":"2026-04-01T12:35:44","slug":"orcamento","status":"publish","type":"page","link":"https:\/\/eurogalvano.com.br\/en\/orcamento\/","title":{"rendered":"Budget"},"content":{"rendered":"<div data-elementor-type=\"wp-page\" data-elementor-id=\"598\" class=\"elementor elementor-598\" data-elementor-post-type=\"page\">\n\t\t\t\t<div class=\"elementor-element elementor-element-84bd142 e-flex e-con-boxed e-con e-parent\" data-id=\"84bd142\" data-element_type=\"container\" data-e-type=\"container\" data-settings=\"{&quot;background_background&quot;:&quot;gradient&quot;}\">\n\t\t\t\t\t<div class=\"e-con-inner\">\n\t\t<div class=\"elementor-element elementor-element-9431fa7 e-con-full e-flex e-con e-child\" data-id=\"9431fa7\" data-element_type=\"container\" data-e-type=\"container\">\n\t\t<div class=\"elementor-element elementor-element-8e94b1d e-con-full e-flex e-con e-child\" data-id=\"8e94b1d\" data-element_type=\"container\" data-e-type=\"container\">\n\t\t\t\t<div class=\"elementor-element elementor-element-af626a2 elementor-widget elementor-widget-heading\" data-id=\"af626a2\" data-element_type=\"widget\" data-e-type=\"widget\" data-widget_type=\"heading.default\">\n\t\t\t\t<div class=\"elementor-widget-container\">\n\t\t\t\t\t<h2 class=\"elementor-heading-title elementor-size-default\"><a href=\"https:\/\/eurogalvano.com.br\/en\">Start<\/a><\/h2>\t\t\t\t<\/div>\n\t\t\t\t<\/div>\n\t\t\t\t<div class=\"elementor-element elementor-element-168f8e9 elementor-widget elementor-widget-heading\" data-id=\"168f8e9\" data-element_type=\"widget\" data-e-type=\"widget\" data-widget_type=\"heading.default\">\n\t\t\t\t<div class=\"elementor-widget-container\">\n\t\t\t\t\t<h2 class=\"elementor-heading-title elementor-size-default\">&gt;<\/h2>\t\t\t\t<\/div>\n\t\t\t\t<\/div>\n\t\t\t\t<div class=\"elementor-element elementor-element-3e1b8ac elementor-widget elementor-widget-heading\" data-id=\"3e1b8ac\" data-element_type=\"widget\" data-e-type=\"widget\" data-widget_type=\"heading.default\">\n\t\t\t\t<div class=\"elementor-widget-container\">\n\t\t\t\t\t<h2 class=\"elementor-heading-title elementor-size-default\"><a href=\"\/en\/blog\/\">My budget<\/a><\/h2>\t\t\t\t<\/div>\n\t\t\t\t<\/div>\n\t\t\t\t<\/div>\n\t\t\t\t<div class=\"elementor-element elementor-element-0226c0f elementor-widget elementor-widget-heading\" data-id=\"0226c0f\" data-element_type=\"widget\" data-e-type=\"widget\" data-widget_type=\"heading.default\">\n\t\t\t\t<div class=\"elementor-widget-container\">\n\t\t\t\t\t<h2 class=\"elementor-heading-title elementor-size-default\"><span style=\"font-weight: 400\">My budget<\/span><\/h2>\t\t\t\t<\/div>\n\t\t\t\t<\/div>\n\t\t\t\t<\/div>\n\t\t\t\t\t<\/div>\n\t\t\t\t<\/div>\n\t\t<div class=\"elementor-element elementor-element-9d12dcb e-flex e-con-boxed e-con e-parent\" data-id=\"9d12dcb\" data-element_type=\"container\" data-e-type=\"container\">\n\t\t\t\t\t<div class=\"e-con-inner\">\n\t\t\t\t<div class=\"elementor-element elementor-element-6bd64f2 elementor-widget elementor-widget-shortcode\" data-id=\"6bd64f2\" data-element_type=\"widget\" data-e-type=\"widget\" data-widget_type=\"shortcode.default\">\n\t\t\t\t<div class=\"elementor-widget-container\">\n\t\t\t\t\t\t\t<div class=\"elementor-shortcode\">\n<div class=\"woocommerce ywraq-wrapper ywraq-empty\">\n\t\t\t<div id=\"yith-ywraq-message\"><div class=\"ywraq-question-message\">\n\t<\/div>\n<\/div>\n\t\t\n\t\t\t\t<div class=\"ywraq-form-table-wrapper vertical\">\n\t\t\t<div class=\"ywraq-before-form\">\n\t<p class=\"ywraq_list_empty_message\">Your list is empty, add products to the list to send a request<p><p class=\"return-to-shop\"><a class=\"button wc-backward\" href=\"https:\/\/eurogalvano.com.br\/en\/produtos\/\">Add more products<\/a><\/p><\/div>\n\t\t\t\t\t<\/div>\n\t<\/div>\n<\/div>\n\t\t\t\t\t\t<\/div>\n\t\t\t\t<\/div>\n\t\t\t\t\t<\/div>\n\t\t\t\t<\/div>\n\t\t\t\t<\/div>","protected":false},"excerpt":{"rendered":"<p>In\u00edcio &gt; Meu or\u00e7amento Meu or\u00e7amento<\/p>","protected":false},"author":1,"featured_media":0,"parent":0,"menu_order":0,"comment_status":"closed","ping_status":"closed","template":"elementor_header_footer","meta":{"_acf_changed":false,"footnotes":""},"class_list":["post-598","page","type-page","status-publish","hentry"],"acf":[],"yoast_head":"<!-- This site is optimized with the Yoast SEO Premium plugin v23.5 (Yoast SEO v27.5) - https:\/\/yoast.com\/product\/yoast-seo-premium-wordpress\/ -->\n<title>Or\u00e7amento - Eurogalvano<\/title>\n<meta name=\"robots\" content=\"index, follow, max-snippet:-1, max-image-preview:large, max-video-preview:-1\" \/>\n<link rel=\"canonical\" href=\"https:\/\/eurogalvano.com.br\/en\/orcamento\/\" \/>\n<meta property=\"og:locale\" content=\"en_US\" \/>\n<meta property=\"og:type\" content=\"article\" \/>\n<meta property=\"og:title\" content=\"Or\u00e7amento\" \/>\n<meta property=\"og:description\" content=\"In\u00edcio &gt; Meu or\u00e7amento Meu or\u00e7amento\" \/>\n<meta property=\"og:url\" content=\"https:\/\/eurogalvano.com.br\/en\/orcamento\/\" \/>\n<meta property=\"og:site_name\" content=\"Eurogalvano\" \/>\n<meta property=\"article:modified_time\" content=\"2026-04-01T12:35:44+00:00\" \/>\n<meta name=\"twitter:card\" content=\"summary_large_image\" \/>\n<meta name=\"twitter:label1\" content=\"Est. reading time\" \/>\n\t<meta name=\"twitter:data1\" content=\"1 minute\" \/>\n<script type=\"application\/ld+json\" class=\"yoast-schema-graph\">{\"@context\":\"https:\\\/\\\/schema.org\",\"@graph\":[{\"@type\":\"WebPage\",\"@id\":\"https:\\\/\\\/eurogalvano.com.br\\\/orcamento\\\/\",\"url\":\"https:\\\/\\\/eurogalvano.com.br\\\/orcamento\\\/\",\"name\":\"Or\u00e7amento - Eurogalvano\",\"isPartOf\":{\"@id\":\"https:\\\/\\\/eurogalvano.com.br\\\/#website\"},\"datePublished\":\"2023-02-22T01:16:11+00:00\",\"dateModified\":\"2026-04-01T12:35:44+00:00\",\"breadcrumb\":{\"@id\":\"https:\\\/\\\/eurogalvano.com.br\\\/orcamento\\\/#breadcrumb\"},\"inLanguage\":\"en-US\",\"potentialAction\":[{\"@type\":\"ReadAction\",\"target\":[\"https:\\\/\\\/eurogalvano.com.br\\\/orcamento\\\/\"]}]},{\"@type\":\"BreadcrumbList\",\"@id\":\"https:\\\/\\\/eurogalvano.com.br\\\/orcamento\\\/#breadcrumb\",\"itemListElement\":[{\"@type\":\"ListItem\",\"position\":1,\"name\":\"In\u00edcio\",\"item\":\"https:\\\/\\\/eurogalvano.com.br\\\/\"},{\"@type\":\"ListItem\",\"position\":2,\"name\":\"Or\u00e7amento\"}]},{\"@type\":\"WebSite\",\"@id\":\"https:\\\/\\\/eurogalvano.com.br\\\/#website\",\"url\":\"https:\\\/\\\/eurogalvano.com.br\\\/\",\"name\":\"Eurogalvano\",\"description\":\"Tecnologia europeia para linhas de galvanoplastia com m\u00e1xima efici\u00eancia e durabilidade.\",\"publisher\":{\"@id\":\"https:\\\/\\\/eurogalvano.com.br\\\/#organization\"},\"potentialAction\":[{\"@type\":\"SearchAction\",\"target\":{\"@type\":\"EntryPoint\",\"urlTemplate\":\"https:\\\/\\\/eurogalvano.com.br\\\/?s={search_term_string}\"},\"query-input\":{\"@type\":\"PropertyValueSpecification\",\"valueRequired\":true,\"valueName\":\"search_term_string\"}}],\"inLanguage\":\"en-US\"},{\"@type\":\"Organization\",\"@id\":\"https:\\\/\\\/eurogalvano.com.br\\\/#organization\",\"name\":\"Eurogalvano\",\"url\":\"https:\\\/\\\/eurogalvano.com.br\\\/\",\"logo\":{\"@type\":\"ImageObject\",\"inLanguage\":\"en-US\",\"@id\":\"https:\\\/\\\/eurogalvano.com.br\\\/#\\\/schema\\\/logo\\\/image\\\/\",\"url\":\"https:\\\/\\\/eurogalvano.com.br\\\/wp-content\\\/uploads\\\/2023\\\/01\\\/Logo_eurogalvano__289_29_1-1.png\",\"contentUrl\":\"https:\\\/\\\/eurogalvano.com.br\\\/wp-content\\\/uploads\\\/2023\\\/01\\\/Logo_eurogalvano__289_29_1-1.png\",\"width\":140,\"height\":149,\"caption\":\"Eurogalvano\"},\"image\":{\"@id\":\"https:\\\/\\\/eurogalvano.com.br\\\/#\\\/schema\\\/logo\\\/image\\\/\"}}]}<\/script>\n<!-- \/ Yoast SEO Premium plugin. -->","yoast_head_json":{"title":"Or\u00e7amento - Eurogalvano","robots":{"index":"index","follow":"follow","max-snippet":"max-snippet:-1","max-image-preview":"max-image-preview:large","max-video-preview":"max-video-preview:-1"},"canonical":"https:\/\/eurogalvano.com.br\/en\/orcamento\/","og_locale":"en_US","og_type":"article","og_title":"Or\u00e7amento","og_description":"In\u00edcio &gt; Meu or\u00e7amento Meu or\u00e7amento","og_url":"https:\/\/eurogalvano.com.br\/en\/orcamento\/","og_site_name":"Eurogalvano","article_modified_time":"2026-04-01T12:35:44+00:00","twitter_card":"summary_large_image","twitter_misc":{"Est. reading time":"1 minute"},"schema":{"@context":"https:\/\/schema.org","@graph":[{"@type":"WebPage","@id":"https:\/\/eurogalvano.com.br\/orcamento\/","url":"https:\/\/eurogalvano.com.br\/orcamento\/","name":"Or\u00e7amento - Eurogalvano","isPartOf":{"@id":"https:\/\/eurogalvano.com.br\/#website"},"datePublished":"2023-02-22T01:16:11+00:00","dateModified":"2026-04-01T12:35:44+00:00","breadcrumb":{"@id":"https:\/\/eurogalvano.com.br\/orcamento\/#breadcrumb"},"inLanguage":"en-US","potentialAction":[{"@type":"ReadAction","target":["https:\/\/eurogalvano.com.br\/orcamento\/"]}]},{"@type":"BreadcrumbList","@id":"https:\/\/eurogalvano.com.br\/orcamento\/#breadcrumb","itemListElement":[{"@type":"ListItem","position":1,"name":"In\u00edcio","item":"https:\/\/eurogalvano.com.br\/"},{"@type":"ListItem","position":2,"name":"Or\u00e7amento"}]},{"@type":"WebSite","@id":"https:\/\/eurogalvano.com.br\/#website","url":"https:\/\/eurogalvano.com.br\/","name":"Eurogalvano","description":"European technology for electroplating lines with maximum efficiency and durability.","publisher":{"@id":"https:\/\/eurogalvano.com.br\/#organization"},"potentialAction":[{"@type":"SearchAction","target":{"@type":"EntryPoint","urlTemplate":"https:\/\/eurogalvano.com.br\/?s={search_term_string}"},"query-input":{"@type":"PropertyValueSpecification","valueRequired":true,"valueName":"search_term_string"}}],"inLanguage":"en-US"},{"@type":"Organization","@id":"https:\/\/eurogalvano.com.br\/#organization","name":"Eurogalvano","url":"https:\/\/eurogalvano.com.br\/","logo":{"@type":"ImageObject","inLanguage":"en-US","@id":"https:\/\/eurogalvano.com.br\/#\/schema\/logo\/image\/","url":"https:\/\/eurogalvano.com.br\/wp-content\/uploads\/2023\/01\/Logo_eurogalvano__289_29_1-1.png","contentUrl":"https:\/\/eurogalvano.com.br\/wp-content\/uploads\/2023\/01\/Logo_eurogalvano__289_29_1-1.png","width":140,"height":149,"caption":"Eurogalvano"},"image":{"@id":"https:\/\/eurogalvano.com.br\/#\/schema\/logo\/image\/"}}]}},"_links":{"self":[{"href":"https:\/\/eurogalvano.com.br\/en\/wp-json\/wp\/v2\/pages\/598","targetHints":{"allow":["GET"]}}],"collection":[{"href":"https:\/\/eurogalvano.com.br\/en\/wp-json\/wp\/v2\/pages"}],"about":[{"href":"https:\/\/eurogalvano.com.br\/en\/wp-json\/wp\/v2\/types\/page"}],"author":[{"embeddable":true,"href":"https:\/\/eurogalvano.com.br\/en\/wp-json\/wp\/v2\/users\/1"}],"replies":[{"embeddable":true,"href":"https:\/\/eurogalvano.com.br\/en\/wp-json\/wp\/v2\/comments?post=598"}],"version-history":[{"count":3,"href":"https:\/\/eurogalvano.com.br\/en\/wp-json\/wp\/v2\/pages\/598\/revisions"}],"predecessor-version":[{"id":22846,"href":"https:\/\/eurogalvano.com.br\/en\/wp-json\/wp\/v2\/pages\/598\/revisions\/22846"}],"wp:attachment":[{"href":"https:\/\/eurogalvano.com.br\/en\/wp-json\/wp\/v2\/media?parent=598"}],"curies":[{"name":"wp","href":"https:\/\/api.w.org\/{rel}","templated":true}]}}