{"id":16294,"date":"2024-03-08T15:54:49","date_gmt":"2024-03-08T18:54:49","guid":{"rendered":"https:\/\/www.inicialcomponentes.tempurl.host\/?page_id=16294"},"modified":"2026-04-14T05:56:22","modified_gmt":"2026-04-14T08:56:22","slug":"politica-de-privacidade","status":"publish","type":"page","link":"https:\/\/eurogalvano.com.br\/en\/politica-de-privacidade\/","title":{"rendered":"Privacy Policy"},"content":{"rendered":"<div data-elementor-type=\"wp-page\" data-elementor-id=\"16294\" class=\"elementor elementor-16294\" data-elementor-post-type=\"page\">\n\t\t\t\t<div class=\"elementor-element elementor-element-7b5145e4 e-flex e-con-boxed e-con e-parent\" data-id=\"7b5145e4\" data-element_type=\"container\" data-e-type=\"container\" data-settings=\"{&quot;background_background&quot;:&quot;classic&quot;}\">\n\t\t\t\t\t<div class=\"e-con-inner\">\n\t\t\t\t<div class=\"elementor-element elementor-element-8d05214 elementor-widget elementor-widget-heading\" data-id=\"8d05214\" data-element_type=\"widget\" data-e-type=\"widget\" data-widget_type=\"heading.default\">\n\t\t\t\t<div class=\"elementor-widget-container\">\n\t\t\t\t\t<h1 class=\"elementor-heading-title elementor-size-default\">Privacy Policy<\/h1>\t\t\t\t<\/div>\n\t\t\t\t<\/div>\n\t\t\t\t\t<\/div>\n\t\t\t\t<\/div>\n\t\t<div class=\"elementor-element elementor-element-abf0772 e-flex e-con-boxed e-con e-parent\" data-id=\"abf0772\" data-element_type=\"container\" data-e-type=\"container\">\n\t\t\t\t\t<div class=\"e-con-inner\">\n\t\t<div class=\"elementor-element elementor-element-b145f47 e-con-full e-flex e-con e-child\" data-id=\"b145f47\" data-element_type=\"container\" data-e-type=\"container\">\n\t\t\t\t<div class=\"elementor-element elementor-element-965dc4a elementor-widget elementor-widget-text-editor\" data-id=\"965dc4a\" data-element_type=\"widget\" data-e-type=\"widget\" data-widget_type=\"text-editor.default\">\n\t\t\t\t<div class=\"elementor-widget-container\">\n\t\t\t\t\t\t\t\t\t<p>A presente Pol\u00edtica de Privacidade possui a finalidade de demonstrar o compromisso da EUROGALVANO do Brasil com a sua privacidade e a prote\u00e7\u00e3o de seus dados pessoais, garantindo transpar\u00eancia em rela\u00e7\u00e3o ao tratamento de seus dados pessoais.<\/p><p><strong>Defini\u00e7\u00f5es<\/strong><\/p><ul><li>\u201cDado Pessoal\u201d: informa\u00e7\u00e3o relacionada a pessoa natural identificada ou identific\u00e1vel;<\/li><li>\u201cDado Pessoal Sens\u00edvel\u201d: dado pessoal sobre origem racial ou \u00e9tnica, convic\u00e7\u00e3o religiosa, opini\u00e3o pol\u00edtica, filia\u00e7\u00e3o a sindicato ou a organiza\u00e7\u00e3o de car\u00e1ter religioso, filos\u00f3fico ou pol\u00edtico, dado referente \u00e0 sa\u00fade ou \u00e0 vida sexual, dado gen\u00e9tico ou biom\u00e9trico, quando vinculado a uma pessoa natural;<\/li><li>\u201cTitular de Dados\u201d: pessoa natural a quem se referem os dados pessoais que s\u00e3o objeto de tratamento;<\/li><li>\u201cTratamento\u201d: toda opera\u00e7\u00e3o realizada com dados pessoais, como as que se referem a coleta, produ\u00e7\u00e3o, recep\u00e7\u00e3o, classifica\u00e7\u00e3o, utiliza\u00e7\u00e3o, acesso, reprodu\u00e7\u00e3o, transmiss\u00e3o, distribui\u00e7\u00e3o, processamento, arquivamento, armazenamento, elimina\u00e7\u00e3o, avalia\u00e7\u00e3o ou controle da informa\u00e7\u00e3o, modifica\u00e7\u00e3o, comunica\u00e7\u00e3o, transfer\u00eancia, difus\u00e3o ou extra\u00e7\u00e3o;<\/li><li>\u201cControlador\u201d: pessoa natural ou jur\u00eddica, de direito p\u00fablico ou privado, a quem competem as decis\u00f5es referentes ao tratamento de dados pessoais;<\/li><\/ul><p>A EUROGALVANO do Brasil \u00e9 controladora dos dados pessoais que coleta em seu site. Isso significa que a empresa \u00e9 respons\u00e1vel por tomar as decis\u00f5es sobre como os dados pessoais ser\u00e3o tratados, conforme os termos a seguir dispostos.<\/p><p><strong>Tipo de dados pessoais coletados<\/strong><\/p><p>N\u00f3s coletamos e tratamos os seguintes dados pessoais:<\/p><p>Dados pessoais cadastrais:nome completo; e-mail; telefone; endere\u00e7o; CPF; data de nascimento; sexo; profiss\u00e3o; cargo; empresa; atividade; segmento.<br \/>Dados pessoais coletados automaticamente:informa\u00e7\u00f5es estat\u00edsticas agregadas.<\/p><p><strong>Como coletamos os dados pessoais<\/strong><\/p><p>Os seus dados pessoais poder\u00e3o ser coletados pela EUROGALVANO do Brasil pelos seguintes meios:<\/p><p>Dados pessoais fornecidos pelo usu\u00e1rio: por meio de cadastro volunt\u00e1rio em nosso site; por meio do download de e-books ou similares; por meio da inscri\u00e7\u00e3o em webinars ou eventos.<br \/>Dados coletados automaticamente: por meio de cookies anal\u00edticos.Para mais detalhes, recomendamos a leitura da nossa Pol\u00edtica de Cookies.<\/p><p><strong>Finalidades<\/strong><\/p><p>Os dados pessoais coletados ser\u00e3o utilizados para as seguintes finalidades:<\/p><p>Dados pessoais cadastrais: para o envio de newsletter, mailing e mala personalizada para prospec\u00e7\u00e3o e oferecimento de produtos e conte\u00fados produzidos pela EUROGALVANO do Brasil, sendo que em eventos com participa\u00e7\u00e3o de parceiros os dados pessoais poder\u00e3o ser compartilhados com os mesmos;<br \/>Dados coletados automaticamente: para melhorar a apresenta\u00e7\u00e3o e navega\u00e7\u00e3o em nosso site.<\/p><p><strong>Compartilhamento de Dados Pessoais<\/strong><\/p><p>N\u00f3s apenas compartilhamos dados pessoais nas situa\u00e7\u00f5es em que for estritamente necess\u00e1rio para o atendimento das finalidades elencadas acima. Desse modo, podemos compartilhar informa\u00e7\u00f5es com terceiros para tornar poss\u00edvel o fornecimento de nossos servi\u00e7os.<br \/>Al\u00e9m disso, os dados pessoais poder\u00e3o ser compartilhados com autoridades judiciais e administrativas sempre que houver determina\u00e7\u00e3o legal ou regulat\u00f3ria nesse sentido.<br \/>Vale lembrar que, quando do acesso ao site, voc\u00ea poder\u00e1 ser conduzido, via link, a outros portais que poder\u00e3o coletar seus dados pessoais. Nesse caso, caber\u00e1 a voc\u00ea a leitura e o aceite das respectivas Pol\u00edticas de Privacidade. N\u00f3s n\u00e3o somos respons\u00e1veis pelas Pol\u00edticas de terceiros, tampouco pelo conte\u00fado de quaisquer sites ou servi\u00e7os ligados \u00e0 ambientes que n\u00e3o os da EUROGALVANO do Brasil.<\/p><p><strong>Como armazenamos seus dados pessoais<\/strong><\/p><p>Os seus dados pessoais ser\u00e3o armazenados de forma segura em nossos sistemas e servidores pelo per\u00edodo necess\u00e1rio para realizarmos as nossas atividades. Quando as finalidades de tratamento forem atingidas, n\u00f3s iremos excluir os seus dados pessoais de acordo com as nossas pol\u00edticas internas e observando o cumprimento de obriga\u00e7\u00f5es legais e\/ou regulat\u00f3rias.<\/p><p><strong>Prazo de reten\u00e7\u00e3o dos dados pessoais e descarte<\/strong><\/p><p>N\u00f3s retemos os seus dados pessoais enquanto houver necessidade de tratamento para a execu\u00e7\u00e3o dos nossos servi\u00e7os, bem como para atendimento de exig\u00eancias legais ou regulat\u00f3rias. Ap\u00f3s o t\u00e9rmino do tratamento, seus dados pessoais ser\u00e3o descartados de forma segura.<\/p><p><strong>Medidas de Seguran\u00e7a<\/strong><\/p><p>Durante todo o tratamento dos seus dados pessoais s\u00e3o utilizadas medidas t\u00e9cnicas e administrativas para mant\u00ea-los em seguran\u00e7a e evitar quaisquer acessos n\u00e3o autorizados, situa\u00e7\u00f5es acidentais ou il\u00edcitas de destrui\u00e7\u00e3o, perda, altera\u00e7\u00e3o, comunica\u00e7\u00e3o ou qualquer forma de tratamento inadequado ou il\u00edcito.<\/p><p><strong>Altera\u00e7\u00f5es na Pol\u00edtica de Privacidade<\/strong><\/p><p>A EUROGALVANO do Brasil possui o compromisso de manter esta Pol\u00edtica atualizada de acordo com novas regulamenta\u00e7\u00f5es e atividades incorporadas \u00e0 presta\u00e7\u00e3o de servi\u00e7os. Portanto, poder\u00e1 atualizar esta Pol\u00edtica de tempos em tempos. Para ter acesso \u00e0 nova vers\u00e3o, basta visitar periodicamente a nossa p\u00e1gina a fim de se manter informado sobre eventuais atualiza\u00e7\u00f5es.<\/p>\t\t\t\t\t\t\t\t<\/div>\n\t\t\t\t<\/div>\n\t\t\t\t<\/div>\n\t\t\t\t\t<\/div>\n\t\t\t\t<\/div>\n\t\t\t\t<\/div>","protected":false},"excerpt":{"rendered":"<p>Pol\u00edtica de Privacidade A presente Pol\u00edtica de Privacidade possui a finalidade de demonstrar o compromisso da EUROGALVANO do Brasil com a sua privacidade e a prote\u00e7\u00e3o de seus dados pessoais, garantindo transpar\u00eancia em rela\u00e7\u00e3o ao tratamento de seus dados pessoais. Defini\u00e7\u00f5es \u201cDado Pessoal\u201d: informa\u00e7\u00e3o relacionada a pessoa natural identificada ou identific\u00e1vel; \u201cDado Pessoal Sens\u00edvel\u201d: dado [&hellip;]<\/p>\n","protected":false},"author":1,"featured_media":0,"parent":0,"menu_order":0,"comment_status":"closed","ping_status":"closed","template":"elementor_header_footer","meta":{"_acf_changed":false,"footnotes":""},"class_list":["post-16294","page","type-page","status-publish","hentry"],"acf":[],"yoast_head":"<!-- This site is optimized with the Yoast SEO Premium plugin v23.5 (Yoast SEO v27.5) - https:\/\/yoast.com\/product\/yoast-seo-premium-wordpress\/ -->\n<title>Eurogalvano do Brasil | Pol\u00edtica de Privacidade<\/title>\n<meta name=\"description\" content=\"A presente Pol\u00edtica de Privacidade possui a finalidade de demonstrar o compromisso da Inicial com a sua privacidade e a prote\u00e7\u00e3o de seus dados.\" \/>\n<meta name=\"robots\" content=\"index, follow, max-snippet:-1, max-image-preview:large, max-video-preview:-1\" \/>\n<link rel=\"canonical\" href=\"https:\/\/eurogalvano.com.br\/en\/politica-de-privacidade\/\" \/>\n<meta property=\"og:locale\" content=\"en_US\" \/>\n<meta property=\"og:type\" content=\"article\" \/>\n<meta property=\"og:title\" content=\"Pol\u00edtica de Privacidade\" \/>\n<meta property=\"og:description\" content=\"A presente Pol\u00edtica de Privacidade possui a finalidade de demonstrar o compromisso da Inicial com a sua privacidade e a prote\u00e7\u00e3o de seus dados.\" \/>\n<meta property=\"og:url\" content=\"https:\/\/eurogalvano.com.br\/en\/politica-de-privacidade\/\" \/>\n<meta property=\"og:site_name\" content=\"Eurogalvano\" \/>\n<meta property=\"article:modified_time\" content=\"2026-04-14T08:56:22+00:00\" \/>\n<meta name=\"twitter:card\" content=\"summary_large_image\" \/>\n<meta name=\"twitter:label1\" content=\"Est. reading time\" \/>\n\t<meta name=\"twitter:data1\" content=\"4 minutes\" \/>\n<script type=\"application\/ld+json\" class=\"yoast-schema-graph\">{\"@context\":\"https:\\\/\\\/schema.org\",\"@graph\":[{\"@type\":\"WebPage\",\"@id\":\"https:\\\/\\\/eurogalvano.com.br\\\/politica-de-privacidade\\\/\",\"url\":\"https:\\\/\\\/eurogalvano.com.br\\\/politica-de-privacidade\\\/\",\"name\":\"Eurogalvano do Brasil | Pol\u00edtica de Privacidade\",\"isPartOf\":{\"@id\":\"https:\\\/\\\/eurogalvano.com.br\\\/#website\"},\"datePublished\":\"2024-03-08T18:54:49+00:00\",\"dateModified\":\"2026-04-14T08:56:22+00:00\",\"description\":\"A presente Pol\u00edtica de Privacidade possui a finalidade de demonstrar o compromisso da Inicial com a sua privacidade e a prote\u00e7\u00e3o de seus dados.\",\"breadcrumb\":{\"@id\":\"https:\\\/\\\/eurogalvano.com.br\\\/politica-de-privacidade\\\/#breadcrumb\"},\"inLanguage\":\"en-US\",\"potentialAction\":[{\"@type\":\"ReadAction\",\"target\":[\"https:\\\/\\\/eurogalvano.com.br\\\/politica-de-privacidade\\\/\"]}]},{\"@type\":\"BreadcrumbList\",\"@id\":\"https:\\\/\\\/eurogalvano.com.br\\\/politica-de-privacidade\\\/#breadcrumb\",\"itemListElement\":[{\"@type\":\"ListItem\",\"position\":1,\"name\":\"In\u00edcio\",\"item\":\"https:\\\/\\\/eurogalvano.com.br\\\/\"},{\"@type\":\"ListItem\",\"position\":2,\"name\":\"Pol\u00edtica de Privacidade\"}]},{\"@type\":\"WebSite\",\"@id\":\"https:\\\/\\\/eurogalvano.com.br\\\/#website\",\"url\":\"https:\\\/\\\/eurogalvano.com.br\\\/\",\"name\":\"Eurogalvano\",\"description\":\"Tecnologia europeia para linhas de galvanoplastia com m\u00e1xima efici\u00eancia e durabilidade.\",\"publisher\":{\"@id\":\"https:\\\/\\\/eurogalvano.com.br\\\/#organization\"},\"potentialAction\":[{\"@type\":\"SearchAction\",\"target\":{\"@type\":\"EntryPoint\",\"urlTemplate\":\"https:\\\/\\\/eurogalvano.com.br\\\/?s={search_term_string}\"},\"query-input\":{\"@type\":\"PropertyValueSpecification\",\"valueRequired\":true,\"valueName\":\"search_term_string\"}}],\"inLanguage\":\"en-US\"},{\"@type\":\"Organization\",\"@id\":\"https:\\\/\\\/eurogalvano.com.br\\\/#organization\",\"name\":\"Eurogalvano\",\"url\":\"https:\\\/\\\/eurogalvano.com.br\\\/\",\"logo\":{\"@type\":\"ImageObject\",\"inLanguage\":\"en-US\",\"@id\":\"https:\\\/\\\/eurogalvano.com.br\\\/#\\\/schema\\\/logo\\\/image\\\/\",\"url\":\"https:\\\/\\\/eurogalvano.com.br\\\/wp-content\\\/uploads\\\/2023\\\/01\\\/Logo_eurogalvano__289_29_1-1.png\",\"contentUrl\":\"https:\\\/\\\/eurogalvano.com.br\\\/wp-content\\\/uploads\\\/2023\\\/01\\\/Logo_eurogalvano__289_29_1-1.png\",\"width\":140,\"height\":149,\"caption\":\"Eurogalvano\"},\"image\":{\"@id\":\"https:\\\/\\\/eurogalvano.com.br\\\/#\\\/schema\\\/logo\\\/image\\\/\"}}]}<\/script>\n<!-- \/ Yoast SEO Premium plugin. -->","yoast_head_json":{"title":"Eurogalvano do Brasil | Pol\u00edtica de Privacidade","description":"A presente Pol\u00edtica de Privacidade possui a finalidade de demonstrar o compromisso da Inicial com a sua privacidade e a prote\u00e7\u00e3o de seus dados.","robots":{"index":"index","follow":"follow","max-snippet":"max-snippet:-1","max-image-preview":"max-image-preview:large","max-video-preview":"max-video-preview:-1"},"canonical":"https:\/\/eurogalvano.com.br\/en\/politica-de-privacidade\/","og_locale":"en_US","og_type":"article","og_title":"Pol\u00edtica de Privacidade","og_description":"A presente Pol\u00edtica de Privacidade possui a finalidade de demonstrar o compromisso da Inicial com a sua privacidade e a prote\u00e7\u00e3o de seus dados.","og_url":"https:\/\/eurogalvano.com.br\/en\/politica-de-privacidade\/","og_site_name":"Eurogalvano","article_modified_time":"2026-04-14T08:56:22+00:00","twitter_card":"summary_large_image","twitter_misc":{"Est. reading time":"4 minutes"},"schema":{"@context":"https:\/\/schema.org","@graph":[{"@type":"WebPage","@id":"https:\/\/eurogalvano.com.br\/politica-de-privacidade\/","url":"https:\/\/eurogalvano.com.br\/politica-de-privacidade\/","name":"Eurogalvano do Brasil | Pol\u00edtica de Privacidade","isPartOf":{"@id":"https:\/\/eurogalvano.com.br\/#website"},"datePublished":"2024-03-08T18:54:49+00:00","dateModified":"2026-04-14T08:56:22+00:00","description":"A presente Pol\u00edtica de Privacidade possui a finalidade de demonstrar o compromisso da Inicial com a sua privacidade e a prote\u00e7\u00e3o de seus dados.","breadcrumb":{"@id":"https:\/\/eurogalvano.com.br\/politica-de-privacidade\/#breadcrumb"},"inLanguage":"en-US","potentialAction":[{"@type":"ReadAction","target":["https:\/\/eurogalvano.com.br\/politica-de-privacidade\/"]}]},{"@type":"BreadcrumbList","@id":"https:\/\/eurogalvano.com.br\/politica-de-privacidade\/#breadcrumb","itemListElement":[{"@type":"ListItem","position":1,"name":"In\u00edcio","item":"https:\/\/eurogalvano.com.br\/"},{"@type":"ListItem","position":2,"name":"Pol\u00edtica de Privacidade"}]},{"@type":"WebSite","@id":"https:\/\/eurogalvano.com.br\/#website","url":"https:\/\/eurogalvano.com.br\/","name":"Eurogalvano","description":"European technology for electroplating lines with maximum efficiency and durability.","publisher":{"@id":"https:\/\/eurogalvano.com.br\/#organization"},"potentialAction":[{"@type":"SearchAction","target":{"@type":"EntryPoint","urlTemplate":"https:\/\/eurogalvano.com.br\/?s={search_term_string}"},"query-input":{"@type":"PropertyValueSpecification","valueRequired":true,"valueName":"search_term_string"}}],"inLanguage":"en-US"},{"@type":"Organization","@id":"https:\/\/eurogalvano.com.br\/#organization","name":"Eurogalvano","url":"https:\/\/eurogalvano.com.br\/","logo":{"@type":"ImageObject","inLanguage":"en-US","@id":"https:\/\/eurogalvano.com.br\/#\/schema\/logo\/image\/","url":"https:\/\/eurogalvano.com.br\/wp-content\/uploads\/2023\/01\/Logo_eurogalvano__289_29_1-1.png","contentUrl":"https:\/\/eurogalvano.com.br\/wp-content\/uploads\/2023\/01\/Logo_eurogalvano__289_29_1-1.png","width":140,"height":149,"caption":"Eurogalvano"},"image":{"@id":"https:\/\/eurogalvano.com.br\/#\/schema\/logo\/image\/"}}]}},"_links":{"self":[{"href":"https:\/\/eurogalvano.com.br\/en\/wp-json\/wp\/v2\/pages\/16294","targetHints":{"allow":["GET"]}}],"collection":[{"href":"https:\/\/eurogalvano.com.br\/en\/wp-json\/wp\/v2\/pages"}],"about":[{"href":"https:\/\/eurogalvano.com.br\/en\/wp-json\/wp\/v2\/types\/page"}],"author":[{"embeddable":true,"href":"https:\/\/eurogalvano.com.br\/en\/wp-json\/wp\/v2\/users\/1"}],"replies":[{"embeddable":true,"href":"https:\/\/eurogalvano.com.br\/en\/wp-json\/wp\/v2\/comments?post=16294"}],"version-history":[{"count":6,"href":"https:\/\/eurogalvano.com.br\/en\/wp-json\/wp\/v2\/pages\/16294\/revisions"}],"predecessor-version":[{"id":23125,"href":"https:\/\/eurogalvano.com.br\/en\/wp-json\/wp\/v2\/pages\/16294\/revisions\/23125"}],"wp:attachment":[{"href":"https:\/\/eurogalvano.com.br\/en\/wp-json\/wp\/v2\/media?parent=16294"}],"curies":[{"name":"wp","href":"https:\/\/api.w.org\/{rel}","templated":true}]}}